{"id":6590,"date":"2025-03-25T23:50:06","date_gmt":"2025-03-25T23:50:06","guid":{"rendered":"https:\/\/sasfa.cl\/?post_type=product&#038;p=6590"},"modified":"2025-03-26T13:32:36","modified_gmt":"2025-03-26T13:32:36","slug":"flotador-eva-yqe-30-2","status":"publish","type":"product","link":"https:\/\/sasfa.cl\/?product=flotador-eva-yqe-30-2","title":{"rendered":"Flotador EVA YQE-30"},"content":{"rendered":"<p>FLOTADOR EVA YQE-30<\/p>\n<p>Este material presenta buenas propiedades de protecci\u00f3n, firmeza a bajas temperaturas, resistencia a las fisuras por tensi\u00f3n, propiedades impermeables y resistencia a la radiaci\u00f3n ultravioleta.<\/p>\n<p>&#8211; Peso 447 Gramos.<br \/>\n&#8211; Largo 190mm<br \/>\n&#8211; Di\u00e1metro 158mm<br \/>\n&#8211; Agujero 33mm<br \/>\n&#8211; Flotabilidad \/ Boyante 3000 Gramos.<\/p>\n","protected":false},"excerpt":{"rendered":"<p>Este material presenta buenas propiedades de protecci\u00f3n, firmeza a bajas temperaturas, resistencia a las fisuras por tensi\u00f3n, propiedades impermeables y resistencia a la radiaci\u00f3n ultravioleta.<\/p>\n","protected":false},"featured_media":6589,"comment_status":"open","ping_status":"closed","template":"","meta":{"_acf_changed":false},"product_brand":[],"product_cat":[271],"product_tag":[],"class_list":{"0":"post-6590","1":"product","2":"type-product","3":"status-publish","4":"has-post-thumbnail","6":"product_cat-boyas","8":"first","9":"instock","10":"shipping-taxable","11":"purchasable","12":"product-type-simple"},"acf":[],"jetpack_sharing_enabled":true,"_links":{"self":[{"href":"https:\/\/sasfa.cl\/index.php?rest_route=\/wp\/v2\/product\/6590","targetHints":{"allow":["GET"]}}],"collection":[{"href":"https:\/\/sasfa.cl\/index.php?rest_route=\/wp\/v2\/product"}],"about":[{"href":"https:\/\/sasfa.cl\/index.php?rest_route=\/wp\/v2\/types\/product"}],"replies":[{"embeddable":true,"href":"https:\/\/sasfa.cl\/index.php?rest_route=%2Fwp%2Fv2%2Fcomments&post=6590"}],"wp:featuredmedia":[{"embeddable":true,"href":"https:\/\/sasfa.cl\/index.php?rest_route=\/wp\/v2\/media\/6589"}],"wp:attachment":[{"href":"https:\/\/sasfa.cl\/index.php?rest_route=%2Fwp%2Fv2%2Fmedia&parent=6590"}],"wp:term":[{"taxonomy":"product_brand","embeddable":true,"href":"https:\/\/sasfa.cl\/index.php?rest_route=%2Fwp%2Fv2%2Fproduct_brand&post=6590"},{"taxonomy":"product_cat","embeddable":true,"href":"https:\/\/sasfa.cl\/index.php?rest_route=%2Fwp%2Fv2%2Fproduct_cat&post=6590"},{"taxonomy":"product_tag","embeddable":true,"href":"https:\/\/sasfa.cl\/index.php?rest_route=%2Fwp%2Fv2%2Fproduct_tag&post=6590"}],"curies":[{"name":"wp","href":"https:\/\/api.w.org\/{rel}","templated":true}]}}