{"id":5191,"date":"2024-09-27T19:23:34","date_gmt":"2024-09-27T19:23:34","guid":{"rendered":"https:\/\/sasfa.cl\/?post_type=product&#038;p=5191"},"modified":"2024-10-05T22:19:46","modified_gmt":"2024-10-05T22:19:46","slug":"spc-piso-vinilico","status":"publish","type":"product","link":"https:\/\/sasfa.cl\/?product=spc-piso-vinilico","title":{"rendered":"SPC PISO VIN\u00cdLICO"},"content":{"rendered":"<p>Este piso vin\u00edlico SPC (Stone Plastic Composite) 183x1220x5mm (caja de 10 pzas \/ 2.23m2). Ofrece una soluci\u00f3n resistente y f\u00e1cil de instalar para \u00e1reas de alto tr\u00e1nsito. Su dise\u00f1o imita la textura de la madera y es perfecto para renovaciones r\u00e1pidas y limpias.<\/p>\n<ul>\n<li style=\"list-style-type: none;\">\n<ul>\n<li>Dimensiones: 183x1220x5mm (Caja de 10 piezas)<\/li>\n<li>Rendimiento: 2.23m\u00b2 por caja<\/li>\n<li>Resistente al agua y a los ara\u00f1azos<\/li>\n<li>Instalaci\u00f3n f\u00e1cil con sistema de clic<\/li>\n<li>Ideal para interiores de alto tr\u00e1nsito<\/li>\n<\/ul>\n<\/li>\n<\/ul>\n<p><!-- notionvc: 2f427c1c-fbca-4173-a71e-0f4857a4708e --><\/p>\n","protected":false},"excerpt":{"rendered":"<p>Este piso vin\u00edlico SPC (Stone Plastic Composite) 183x1220x5mm (caja de 10 pzas \/ 2.23m2). Ofrece una soluci\u00f3n resistente y f\u00e1cil de instalar para \u00e1reas de alto tr\u00e1nsito. Su dise\u00f1o imita la textura de la madera y es perfecto para renovaciones r\u00e1pidas y limpias. Dimensiones: 183x1220x5mm (Caja de 10 piezas) Rendimiento: 2.23m\u00b2 por caja Resistente al [&hellip;]<\/p>\n","protected":false},"featured_media":5197,"comment_status":"open","ping_status":"closed","template":"","meta":{"_acf_changed":false},"product_brand":[],"product_cat":[264,268,110,15],"product_tag":[],"class_list":{"0":"post-5191","1":"product","2":"type-product","3":"status-publish","4":"has-post-thumbnail","6":"product_cat-cat-1","7":"product_cat-construccion","8":"product_cat-pisos-piso-vinilico","9":"product_cat-uncategorized","11":"first","12":"instock","13":"shipping-taxable","14":"purchasable","15":"product-type-simple"},"acf":[],"jetpack_sharing_enabled":true,"_links":{"self":[{"href":"https:\/\/sasfa.cl\/index.php?rest_route=\/wp\/v2\/product\/5191","targetHints":{"allow":["GET"]}}],"collection":[{"href":"https:\/\/sasfa.cl\/index.php?rest_route=\/wp\/v2\/product"}],"about":[{"href":"https:\/\/sasfa.cl\/index.php?rest_route=\/wp\/v2\/types\/product"}],"replies":[{"embeddable":true,"href":"https:\/\/sasfa.cl\/index.php?rest_route=%2Fwp%2Fv2%2Fcomments&post=5191"}],"wp:featuredmedia":[{"embeddable":true,"href":"https:\/\/sasfa.cl\/index.php?rest_route=\/wp\/v2\/media\/5197"}],"wp:attachment":[{"href":"https:\/\/sasfa.cl\/index.php?rest_route=%2Fwp%2Fv2%2Fmedia&parent=5191"}],"wp:term":[{"taxonomy":"product_brand","embeddable":true,"href":"https:\/\/sasfa.cl\/index.php?rest_route=%2Fwp%2Fv2%2Fproduct_brand&post=5191"},{"taxonomy":"product_cat","embeddable":true,"href":"https:\/\/sasfa.cl\/index.php?rest_route=%2Fwp%2Fv2%2Fproduct_cat&post=5191"},{"taxonomy":"product_tag","embeddable":true,"href":"https:\/\/sasfa.cl\/index.php?rest_route=%2Fwp%2Fv2%2Fproduct_tag&post=5191"}],"curies":[{"name":"wp","href":"https:\/\/api.w.org\/{rel}","templated":true}]}}