{"id":5185,"date":"2024-09-27T19:21:50","date_gmt":"2024-09-27T19:21:50","guid":{"rendered":"https:\/\/sasfa.cl\/?post_type=product&#038;p=5185"},"modified":"2024-10-05T22:25:42","modified_gmt":"2024-10-05T22:25:42","slug":"set-de-brocas-para-madera","status":"publish","type":"product","link":"https:\/\/sasfa.cl\/?product=set-de-brocas-para-madera","title":{"rendered":"SET DE BROCAS PARA MADERA"},"content":{"rendered":"<p>Este set de 8 brocas est\u00e1 dise\u00f1ado espec\u00edficamente para perforar madera de manera precisa y r\u00e1pida. Sus diferentes tama\u00f1os permiten adaptarse a diversas necesidades de perforaci\u00f3n en proyectos de carpinter\u00eda.<\/p>\n<ul>\n<li style=\"list-style-type: none;\">\n<ul>\n<li>Tama\u00f1os: 3mm, 4mm, 5mm, 6mm, 7mm, 8mm, 9mm, 10mm<\/li>\n<li>Fabricadas en acero de alta resistencia<\/li>\n<li>Punta afilada para perforaciones precisas<\/li>\n<li>Adecuadas para todo tipo de maderas<\/li>\n<li>Incluye estuche para f\u00e1cil almacenamiento<\/li>\n<\/ul>\n<\/li>\n<\/ul>\n<p><!-- notionvc: e727812c-20ee-4f9d-ba46-1d98aabbd5e6 --><\/p>\n","protected":false},"excerpt":{"rendered":"<p>Este set de 8 brocas est\u00e1 dise\u00f1ado espec\u00edficamente para perforar madera de manera precisa y r\u00e1pida. Sus diferentes tama\u00f1os permiten adaptarse a diversas necesidades de perforaci\u00f3n en proyectos de carpinter\u00eda. Tama\u00f1os: 3mm, 4mm, 5mm, 6mm, 7mm, 8mm, 9mm, 10mm Fabricadas en acero de alta resistencia Punta afilada para perforaciones precisas Adecuadas para todo tipo de [&hellip;]<\/p>\n","protected":false},"featured_media":5186,"comment_status":"open","ping_status":"closed","template":"","meta":{"_acf_changed":false},"product_brand":[],"product_cat":[264,61,157,269],"product_tag":[],"class_list":{"0":"post-5185","1":"product","2":"type-product","3":"status-publish","4":"has-post-thumbnail","6":"product_cat-cat-1","7":"product_cat-ferreteria-herramientas","8":"product_cat-ferreteria-herramientas-brocas","9":"product_cat-herramientas","11":"first","12":"instock","13":"shipping-taxable","14":"purchasable","15":"product-type-simple"},"acf":[],"jetpack_sharing_enabled":true,"_links":{"self":[{"href":"https:\/\/sasfa.cl\/index.php?rest_route=\/wp\/v2\/product\/5185","targetHints":{"allow":["GET"]}}],"collection":[{"href":"https:\/\/sasfa.cl\/index.php?rest_route=\/wp\/v2\/product"}],"about":[{"href":"https:\/\/sasfa.cl\/index.php?rest_route=\/wp\/v2\/types\/product"}],"replies":[{"embeddable":true,"href":"https:\/\/sasfa.cl\/index.php?rest_route=%2Fwp%2Fv2%2Fcomments&post=5185"}],"wp:featuredmedia":[{"embeddable":true,"href":"https:\/\/sasfa.cl\/index.php?rest_route=\/wp\/v2\/media\/5186"}],"wp:attachment":[{"href":"https:\/\/sasfa.cl\/index.php?rest_route=%2Fwp%2Fv2%2Fmedia&parent=5185"}],"wp:term":[{"taxonomy":"product_brand","embeddable":true,"href":"https:\/\/sasfa.cl\/index.php?rest_route=%2Fwp%2Fv2%2Fproduct_brand&post=5185"},{"taxonomy":"product_cat","embeddable":true,"href":"https:\/\/sasfa.cl\/index.php?rest_route=%2Fwp%2Fv2%2Fproduct_cat&post=5185"},{"taxonomy":"product_tag","embeddable":true,"href":"https:\/\/sasfa.cl\/index.php?rest_route=%2Fwp%2Fv2%2Fproduct_tag&post=5185"}],"curies":[{"name":"wp","href":"https:\/\/api.w.org\/{rel}","templated":true}]}}