{"id":5173,"date":"2024-09-27T19:05:56","date_gmt":"2024-09-27T19:05:56","guid":{"rendered":"https:\/\/sasfa.cl\/?post_type=product&#038;p=5173"},"modified":"2024-10-05T22:26:18","modified_gmt":"2024-10-05T22:26:18","slug":"herramienta-alicate-combinado-160mm","status":"publish","type":"product","link":"https:\/\/sasfa.cl\/?product=herramienta-alicate-combinado-160mm","title":{"rendered":"HERRAMIENTA ALICATE COMBINADO 160mm"},"content":{"rendered":"<p>Alicate combinado de uso m\u00faltiple, perfecto para trabajos el\u00e9ctricos y de bricolaje. Su dise\u00f1o ergon\u00f3mico y robusto ofrece un excelente control y precisi\u00f3n.<\/p>\n<ul>\n<li style=\"list-style-type: none;\">\n<ul>\n<li>Longitud: 160mm<\/li>\n<li>Mango antideslizante para mayor comodidad<\/li>\n<li>Dise\u00f1o multifuncional: cortar, doblar y sujetar<\/li>\n<li>Fabricado en acero de alta resistencia<\/li>\n<li>Ideal para trabajos el\u00e9ctricos y mec\u00e1nicos<\/li>\n<\/ul>\n<\/li>\n<\/ul>\n<p><!-- notionvc: b82500cd-d361-4532-bbeb-0301d802f9b5 --><\/p>\n","protected":false},"excerpt":{"rendered":"<p>Alicate combinado de uso m\u00faltiple, perfecto para trabajos el\u00e9ctricos y de bricolaje. Su dise\u00f1o ergon\u00f3mico y robusto ofrece un excelente control y precisi\u00f3n. Longitud: 160mm Mango antideslizante para mayor comodidad Dise\u00f1o multifuncional: cortar, doblar y sujetar Fabricado en acero de alta resistencia Ideal para trabajos el\u00e9ctricos y mec\u00e1nicos<\/p>\n","protected":false},"featured_media":5174,"comment_status":"open","ping_status":"closed","template":"","meta":{"_acf_changed":false},"product_brand":[],"product_cat":[265,61,91,269,15],"product_tag":[],"class_list":{"0":"post-5173","1":"product","2":"type-product","3":"status-publish","4":"has-post-thumbnail","6":"product_cat-cat-2","7":"product_cat-ferreteria-herramientas","8":"product_cat-ferreteria-herramientas-alicates","9":"product_cat-herramientas","10":"product_cat-uncategorized","12":"first","13":"instock","14":"shipping-taxable","15":"purchasable","16":"product-type-simple"},"acf":[],"jetpack_sharing_enabled":true,"_links":{"self":[{"href":"https:\/\/sasfa.cl\/index.php?rest_route=\/wp\/v2\/product\/5173","targetHints":{"allow":["GET"]}}],"collection":[{"href":"https:\/\/sasfa.cl\/index.php?rest_route=\/wp\/v2\/product"}],"about":[{"href":"https:\/\/sasfa.cl\/index.php?rest_route=\/wp\/v2\/types\/product"}],"replies":[{"embeddable":true,"href":"https:\/\/sasfa.cl\/index.php?rest_route=%2Fwp%2Fv2%2Fcomments&post=5173"}],"wp:featuredmedia":[{"embeddable":true,"href":"https:\/\/sasfa.cl\/index.php?rest_route=\/wp\/v2\/media\/5174"}],"wp:attachment":[{"href":"https:\/\/sasfa.cl\/index.php?rest_route=%2Fwp%2Fv2%2Fmedia&parent=5173"}],"wp:term":[{"taxonomy":"product_brand","embeddable":true,"href":"https:\/\/sasfa.cl\/index.php?rest_route=%2Fwp%2Fv2%2Fproduct_brand&post=5173"},{"taxonomy":"product_cat","embeddable":true,"href":"https:\/\/sasfa.cl\/index.php?rest_route=%2Fwp%2Fv2%2Fproduct_cat&post=5173"},{"taxonomy":"product_tag","embeddable":true,"href":"https:\/\/sasfa.cl\/index.php?rest_route=%2Fwp%2Fv2%2Fproduct_tag&post=5173"}],"curies":[{"name":"wp","href":"https:\/\/api.w.org\/{rel}","templated":true}]}}