{"id":5119,"date":"2024-09-27T16:53:42","date_gmt":"2024-09-27T16:53:42","guid":{"rendered":"https:\/\/sasfa.cl\/?post_type=product&#038;p=5119"},"modified":"2024-10-05T22:20:29","modified_gmt":"2024-10-05T22:20:29","slug":"piso-laminado","status":"publish","type":"product","link":"https:\/\/sasfa.cl\/?product=piso-laminado","title":{"rendered":"PISO LAMINADO"},"content":{"rendered":"<p>Este piso laminado ofrece un acabado elegante y moderno, con un dise\u00f1o que imita la textura de la madera natural. Ideal para interiores, es f\u00e1cil de instalar y ofrece una excelente relaci\u00f3n calidad-precio.<\/p>\n<ul>\n<li style=\"list-style-type: none;\">\n<ul>\n<li>Dimensiones: 209x1225x7mm (caja de 18 unidades)<\/li>\n<li>Rendimiento: 4.61m\u00b2 por caja<\/li>\n<li>F\u00e1cil de instalar mediante sistema de clic<\/li>\n<li>Resistente al desgaste y f\u00e1cil de mantener<\/li>\n<li>Ideal para \u00e1reas residenciales y comerciales<\/li>\n<\/ul>\n<\/li>\n<\/ul>\n<p><!-- notionvc: 73f0b8b1-9864-4ce3-a85c-474c3d9bd13d --><\/p>\n","protected":false},"excerpt":{"rendered":"<p>Este piso laminado ofrece un acabado elegante y moderno, con un dise\u00f1o que imita la textura de la madera natural. Ideal para interiores, es f\u00e1cil de instalar y ofrece una excelente relaci\u00f3n calidad-precio. Dimensiones: 209x1225x7mm (caja de 18 unidades) Rendimiento: 4.61m\u00b2 por caja F\u00e1cil de instalar mediante sistema de clic Resistente al desgaste y f\u00e1cil [&hellip;]<\/p>\n","protected":false},"featured_media":5120,"comment_status":"open","ping_status":"closed","template":"","meta":{"_acf_changed":false},"product_brand":[],"product_cat":[266,268,15],"product_tag":[],"class_list":{"0":"post-5119","1":"product","2":"type-product","3":"status-publish","4":"has-post-thumbnail","6":"product_cat-cat-3","7":"product_cat-construccion","8":"product_cat-uncategorized","10":"first","11":"instock","12":"shipping-taxable","13":"purchasable","14":"product-type-simple"},"acf":[],"jetpack_sharing_enabled":true,"_links":{"self":[{"href":"https:\/\/sasfa.cl\/index.php?rest_route=\/wp\/v2\/product\/5119","targetHints":{"allow":["GET"]}}],"collection":[{"href":"https:\/\/sasfa.cl\/index.php?rest_route=\/wp\/v2\/product"}],"about":[{"href":"https:\/\/sasfa.cl\/index.php?rest_route=\/wp\/v2\/types\/product"}],"replies":[{"embeddable":true,"href":"https:\/\/sasfa.cl\/index.php?rest_route=%2Fwp%2Fv2%2Fcomments&post=5119"}],"wp:featuredmedia":[{"embeddable":true,"href":"https:\/\/sasfa.cl\/index.php?rest_route=\/wp\/v2\/media\/5120"}],"wp:attachment":[{"href":"https:\/\/sasfa.cl\/index.php?rest_route=%2Fwp%2Fv2%2Fmedia&parent=5119"}],"wp:term":[{"taxonomy":"product_brand","embeddable":true,"href":"https:\/\/sasfa.cl\/index.php?rest_route=%2Fwp%2Fv2%2Fproduct_brand&post=5119"},{"taxonomy":"product_cat","embeddable":true,"href":"https:\/\/sasfa.cl\/index.php?rest_route=%2Fwp%2Fv2%2Fproduct_cat&post=5119"},{"taxonomy":"product_tag","embeddable":true,"href":"https:\/\/sasfa.cl\/index.php?rest_route=%2Fwp%2Fv2%2Fproduct_tag&post=5119"}],"curies":[{"name":"wp","href":"https:\/\/api.w.org\/{rel}","templated":true}]}}