{"id":5113,"date":"2024-09-27T16:51:37","date_gmt":"2024-09-27T16:51:37","guid":{"rendered":"https:\/\/sasfa.cl\/?post_type=product&#038;p=5113"},"modified":"2024-10-05T22:14:52","modified_gmt":"2024-10-05T22:14:52","slug":"plancha-hdpe-proteccion-uv","status":"publish","type":"product","link":"https:\/\/sasfa.cl\/?product=plancha-hdpe-proteccion-uv","title":{"rendered":"PLANCHA HDPE PROTECCI\u00d3N UV"},"content":{"rendered":"<p>La plancha de HDPE es resistente, duradera y est\u00e1 protegida contra los rayos UV, lo que la hace ideal para aplicaciones industriales y exteriores. Su resistencia a productos qu\u00edmicos y su flexibilidad la convierten en una opci\u00f3n popular en diversos sectores.<\/p>\n<ul>\n<li style=\"list-style-type: none;\">\n<ul>\n<li>Dimensiones: 2000x4000x30mm<\/li>\n<li>Protecci\u00f3n UV para mayor durabilidad en exteriores<\/li>\n<li>Alta resistencia a impactos y productos qu\u00edmicos<\/li>\n<li>Ideal para uso industrial y aplicaciones en exteriores<\/li>\n<\/ul>\n<\/li>\n<\/ul>\n<p><!-- notionvc: d54b13b0-aefb-4309-89d6-c43ffffeeb96 --><\/p>\n","protected":false},"excerpt":{"rendered":"<p>La plancha de HDPE es resistente, duradera y est\u00e1 protegida contra los rayos UV, lo que la hace ideal para aplicaciones industriales y exteriores. Su resistencia a productos qu\u00edmicos y su flexibilidad la convierten en una opci\u00f3n popular en diversos sectores. Dimensiones: 2000x4000x30mm Protecci\u00f3n UV para mayor durabilidad en exteriores Alta resistencia a impactos y [&hellip;]<\/p>\n","protected":false},"featured_media":5114,"comment_status":"open","ping_status":"closed","template":"","meta":{"_acf_changed":false},"product_brand":[],"product_cat":[266,268,15],"product_tag":[],"class_list":{"0":"post-5113","1":"product","2":"type-product","3":"status-publish","4":"has-post-thumbnail","6":"product_cat-cat-3","7":"product_cat-construccion","8":"product_cat-uncategorized","10":"first","11":"instock","12":"shipping-taxable","13":"purchasable","14":"product-type-simple"},"acf":[],"jetpack_sharing_enabled":true,"_links":{"self":[{"href":"https:\/\/sasfa.cl\/index.php?rest_route=\/wp\/v2\/product\/5113","targetHints":{"allow":["GET"]}}],"collection":[{"href":"https:\/\/sasfa.cl\/index.php?rest_route=\/wp\/v2\/product"}],"about":[{"href":"https:\/\/sasfa.cl\/index.php?rest_route=\/wp\/v2\/types\/product"}],"replies":[{"embeddable":true,"href":"https:\/\/sasfa.cl\/index.php?rest_route=%2Fwp%2Fv2%2Fcomments&post=5113"}],"wp:featuredmedia":[{"embeddable":true,"href":"https:\/\/sasfa.cl\/index.php?rest_route=\/wp\/v2\/media\/5114"}],"wp:attachment":[{"href":"https:\/\/sasfa.cl\/index.php?rest_route=%2Fwp%2Fv2%2Fmedia&parent=5113"}],"wp:term":[{"taxonomy":"product_brand","embeddable":true,"href":"https:\/\/sasfa.cl\/index.php?rest_route=%2Fwp%2Fv2%2Fproduct_brand&post=5113"},{"taxonomy":"product_cat","embeddable":true,"href":"https:\/\/sasfa.cl\/index.php?rest_route=%2Fwp%2Fv2%2Fproduct_cat&post=5113"},{"taxonomy":"product_tag","embeddable":true,"href":"https:\/\/sasfa.cl\/index.php?rest_route=%2Fwp%2Fv2%2Fproduct_tag&post=5113"}],"curies":[{"name":"wp","href":"https:\/\/api.w.org\/{rel}","templated":true}]}}