{"id":5088,"date":"2024-09-27T16:44:14","date_gmt":"2024-09-27T16:44:14","guid":{"rendered":"https:\/\/sasfa.cl\/?post_type=product&#038;p=5088"},"modified":"2024-10-05T22:27:30","modified_gmt":"2024-10-05T22:27:30","slug":"carretilla","status":"publish","type":"product","link":"https:\/\/sasfa.cl\/?product=carretilla","title":{"rendered":"CARRETILLA"},"content":{"rendered":"<p>Carretilla robusta y duradera, ideal para trabajos de construcci\u00f3n y jardiner\u00eda. Su dise\u00f1o est\u00e1 optimizado para transportar cargas pesadas con mayor facilidad, gracias a su rueda resistente y su gran capacidad.<\/p>\n<ul>\n<li style=\"list-style-type: none;\">\n<ul>\n<li>Capacidad: 100L \/ 200Kg<\/li>\n<li>Rueda de 400mm \/ 8\u201d de alta resistencia<\/li>\n<li>Estructura met\u00e1lica robusta<\/li>\n<li>F\u00e1cil manejo y estabilidad en terrenos irregulares<\/li>\n<li>Ideal para uso en construcci\u00f3n y jardiner\u00eda<\/li>\n<\/ul>\n<\/li>\n<\/ul>\n<p><!-- notionvc: d8f98875-f267-4b63-804c-0fa8efd2dc7c --><\/p>\n","protected":false},"excerpt":{"rendered":"<p>Carretilla robusta y duradera, ideal para trabajos de construcci\u00f3n y jardiner\u00eda. Su dise\u00f1o est\u00e1 optimizado para transportar cargas pesadas con mayor facilidad, gracias a su rueda resistente y su gran capacidad. Capacidad: 100L \/ 200Kg Rueda de 400mm \/ 8\u201d de alta resistencia Estructura met\u00e1lica robusta F\u00e1cil manejo y estabilidad en terrenos irregulares Ideal para [&hellip;]<\/p>\n","protected":false},"featured_media":5345,"comment_status":"open","ping_status":"closed","template":"","meta":{"_acf_changed":false},"product_brand":[],"product_cat":[267,269,15],"product_tag":[],"class_list":{"0":"post-5088","1":"product","2":"type-product","3":"status-publish","4":"has-post-thumbnail","6":"product_cat-cat-4","7":"product_cat-herramientas","8":"product_cat-uncategorized","10":"first","11":"instock","12":"shipping-taxable","13":"purchasable","14":"product-type-simple"},"acf":[],"jetpack_sharing_enabled":true,"_links":{"self":[{"href":"https:\/\/sasfa.cl\/index.php?rest_route=\/wp\/v2\/product\/5088","targetHints":{"allow":["GET"]}}],"collection":[{"href":"https:\/\/sasfa.cl\/index.php?rest_route=\/wp\/v2\/product"}],"about":[{"href":"https:\/\/sasfa.cl\/index.php?rest_route=\/wp\/v2\/types\/product"}],"replies":[{"embeddable":true,"href":"https:\/\/sasfa.cl\/index.php?rest_route=%2Fwp%2Fv2%2Fcomments&post=5088"}],"wp:featuredmedia":[{"embeddable":true,"href":"https:\/\/sasfa.cl\/index.php?rest_route=\/wp\/v2\/media\/5345"}],"wp:attachment":[{"href":"https:\/\/sasfa.cl\/index.php?rest_route=%2Fwp%2Fv2%2Fmedia&parent=5088"}],"wp:term":[{"taxonomy":"product_brand","embeddable":true,"href":"https:\/\/sasfa.cl\/index.php?rest_route=%2Fwp%2Fv2%2Fproduct_brand&post=5088"},{"taxonomy":"product_cat","embeddable":true,"href":"https:\/\/sasfa.cl\/index.php?rest_route=%2Fwp%2Fv2%2Fproduct_cat&post=5088"},{"taxonomy":"product_tag","embeddable":true,"href":"https:\/\/sasfa.cl\/index.php?rest_route=%2Fwp%2Fv2%2Fproduct_tag&post=5088"}],"curies":[{"name":"wp","href":"https:\/\/api.w.org\/{rel}","templated":true}]}}