{"id":5076,"date":"2024-09-27T16:09:48","date_gmt":"2024-09-27T16:09:48","guid":{"rendered":"https:\/\/sasfa.cl\/?post_type=product&#038;p=5076"},"modified":"2024-10-05T22:18:38","modified_gmt":"2024-10-05T22:18:38","slug":"wpc-terraza","status":"publish","type":"product","link":"https:\/\/sasfa.cl\/?product=wpc-terraza","title":{"rendered":"WPC TERRAZA"},"content":{"rendered":"<p>El WPC (Wood Plastic Composite) para terraza es una soluci\u00f3n durable y resistente a las condiciones clim\u00e1ticas adversas. Ideal para exteriores, combina lo mejor de la madera y el pl\u00e1stico, ofreciendo un acabado est\u00e9tico similar a la madera natural, pero sin los problemas de mantenimiento que esta conlleva.<\/p>\n<ul>\n<li style=\"list-style-type: none;\">\n<ul>\n<li>Dimensiones: 2900x140x25mm<\/li>\n<li>Resistente al agua y a la humedad<\/li>\n<li>Antideslizante y f\u00e1cil de instalar<\/li>\n<li>Bajo mantenimiento y larga vida \u00fatil<\/li>\n<li>Ideal para terrazas y espacios exteriores<\/li>\n<\/ul>\n<\/li>\n<\/ul>\n<p><!-- notionvc: fdac6c84-d1cc-4b4e-88c0-46a50e4de592 --><\/p>\n","protected":false},"excerpt":{"rendered":"<p>Ideal para exteriores, combina lo mejor de la madera y el pl\u00e1stico, ofreciendo un acabado est\u00e9tico similar a la madera natural, pero sin los problemas de mantenimiento que esta conlleva.<\/p>\n","protected":false},"featured_media":5346,"comment_status":"open","ping_status":"closed","template":"","meta":{"_acf_changed":false},"product_brand":[],"product_cat":[267,268,15],"product_tag":[],"class_list":{"0":"post-5076","1":"product","2":"type-product","3":"status-publish","4":"has-post-thumbnail","6":"product_cat-cat-4","7":"product_cat-construccion","8":"product_cat-uncategorized","10":"first","11":"instock","12":"shipping-taxable","13":"purchasable","14":"product-type-simple"},"acf":[],"jetpack_sharing_enabled":true,"_links":{"self":[{"href":"https:\/\/sasfa.cl\/index.php?rest_route=\/wp\/v2\/product\/5076","targetHints":{"allow":["GET"]}}],"collection":[{"href":"https:\/\/sasfa.cl\/index.php?rest_route=\/wp\/v2\/product"}],"about":[{"href":"https:\/\/sasfa.cl\/index.php?rest_route=\/wp\/v2\/types\/product"}],"replies":[{"embeddable":true,"href":"https:\/\/sasfa.cl\/index.php?rest_route=%2Fwp%2Fv2%2Fcomments&post=5076"}],"wp:featuredmedia":[{"embeddable":true,"href":"https:\/\/sasfa.cl\/index.php?rest_route=\/wp\/v2\/media\/5346"}],"wp:attachment":[{"href":"https:\/\/sasfa.cl\/index.php?rest_route=%2Fwp%2Fv2%2Fmedia&parent=5076"}],"wp:term":[{"taxonomy":"product_brand","embeddable":true,"href":"https:\/\/sasfa.cl\/index.php?rest_route=%2Fwp%2Fv2%2Fproduct_brand&post=5076"},{"taxonomy":"product_cat","embeddable":true,"href":"https:\/\/sasfa.cl\/index.php?rest_route=%2Fwp%2Fv2%2Fproduct_cat&post=5076"},{"taxonomy":"product_tag","embeddable":true,"href":"https:\/\/sasfa.cl\/index.php?rest_route=%2Fwp%2Fv2%2Fproduct_tag&post=5076"}],"curies":[{"name":"wp","href":"https:\/\/api.w.org\/{rel}","templated":true}]}}